{"id":2562,"date":"2025-12-24T22:27:17","date_gmt":"2025-12-24T22:27:17","guid":{"rendered":"https:\/\/besseriptv.com\/best\/?post_type=product&#038;p=2562"},"modified":"2025-12-24T23:00:16","modified_gmt":"2025-12-24T23:00:16","slug":"noeloffer","status":"publish","type":"product","link":"https:\/\/besseriptv.com\/best\/de\/products\/noeloffer\/","title":{"rendered":"\ud83c\udf84 IPTV Paket 12 Monate \u2013 Weihnachtsangebot"},"content":{"rendered":"<div id=\"shopify-section-1596990974821\" class=\"shopify-section index-section index-section--featured-product\">\n<div id=\"ProductSection-1596990974821\" class=\"page-width\" data-section-id=\"1596990974821\" data-section-type=\"product\" data-ajax-enabled=\"true\">\n<div class=\"grid product-single product-single--medium-media\">\n<div class=\"grid__item medium-up--one-half\">\n<div class=\"product-single__meta\">\n<div class=\"product-single__description rte\">\n<div id=\"shopify-section-1588264376496\" class=\"shopify-section index-section index-section--featured-product\">\n<div id=\"ProductSection-1588264376496\" class=\"page-width\" data-section-id=\"1588264376496\" data-section-type=\"product\" data-ajax-enabled=\"true\">\n<div class=\"grid product-single product-single--medium-media\">\n<div class=\"grid__item medium-up--one-half\">\n<div class=\"product-single__meta\">\n<div class=\"product-single__description rte\">\n<div id=\"shopify-section-1596990974821\" class=\"shopify-section index-section index-section--featured-product\">\n<div id=\"ProductSection-1596990974821\" class=\"page-width\" data-section-id=\"1596990974821\" data-section-type=\"product\" data-ajax-enabled=\"true\">\n<div class=\"grid product-single product-single--medium-media\">\n<div class=\"grid__item medium-up--one-half\">\n<div class=\"product-single__meta\">\n<div class=\"product-single__description rte\">\n<div id=\"shopify-section-1588264376496\" class=\"shopify-section index-section index-section--featured-product\">\n<div id=\"ProductSection-1588264376496\" class=\"page-width\" data-section-id=\"1588264376496\" data-section-type=\"product\" data-ajax-enabled=\"true\">\n<div class=\"grid product-single product-single--medium-media\">\n<div class=\"grid__item medium-up--one-half\">\n<div class=\"product-single__meta\">\n<div class=\"product-single__description rte\">\n<div id=\"shopify-section-1596990974821\" class=\"shopify-section index-section index-section--featured-product\">\n<div id=\"ProductSection-1596990974821\" class=\"page-width\" data-section-id=\"1596990974821\" data-section-type=\"product\" data-ajax-enabled=\"true\">\n<div class=\"grid product-single product-single--medium-media\">\n<div class=\"grid__item medium-up--one-half\">\n<div class=\"product-single__meta\">\n<div class=\"product-single__description rte\">\n<div id=\"shopify-section-1588264376496\" class=\"shopify-section index-section index-section--featured-product\">\n<div id=\"ProductSection-1588264376496\" class=\"page-width\" data-section-id=\"1588264376496\" data-section-type=\"product\" data-ajax-enabled=\"true\">\n<div class=\"grid product-single product-single--medium-media\">\n<div class=\"grid__item medium-up--one-half\">\n<div class=\"product-single__meta\">\n<div class=\"product-single__description rte\">\n<p data-start=\"209\" data-end=\"348\">Anl\u00e4sslich der Feiertage zum Jahresende bietet <strong data-start=\"1176\" data-end=\"1191\">BESSER <\/strong><strong data-start=\"256\" data-end=\"272\">IPTV<\/strong> ein <strong data-start=\"277\" data-end=\"309\">spezielles Weihnachtsangebot<\/strong>, das nur f\u00fcr kurze Zeit verf\u00fcgbar ist.<\/p>\n<p data-start=\"350\" data-end=\"625\">Profitieren Sie von einem <strong data-start=\"376\" data-end=\"409\">IPTV-Abonnement f\u00fcr 12 Monate<\/strong> mit einem <strong data-start=\"420\" data-end=\"440\">exklusiven Bonus<\/strong>:<br data-start=\"441\" data-end=\"444\" \/>\ud83c\udf81 <strong data-start=\"447\" data-end=\"466\">3 MONATE GRATIS<\/strong>, die <strong data-start=\"472\" data-end=\"533\">direkt zu Ihrem bestehenden Abonnement hinzugef\u00fcgt werden<\/strong>.<br data-start=\"534\" data-end=\"537\" \/>Ideal, um sich selbst eine Freude zu machen oder einem Freund ein Geschenk zu machen \ud83c\udf85\u2728<\/p>\n<\/div>\n<\/div>\n<\/div>\n<\/div>\n<\/div>\n<\/div>\n<\/div>\n<\/div>\n<\/div>\n<\/div>\n<\/div>\n<\/div>\n<\/div>\n<\/div>\n<\/div>\n<\/div>\n<\/div>\n<\/div>\n<\/div>\n<\/div>\n<\/div>\n<\/div>\n<\/div>\n<\/div>\n<\/div>\n<\/div>\n<\/div>\n<\/div>\n<\/div>\n<\/div>\n<\/div>\n<\/div>\n<\/div>\n<\/div>\n<\/div>\n<\/div>\n","protected":false},"excerpt":{"rendered":"<div id=\"shopify-section-1596990974821\" class=\"shopify-section index-section index-section--featured-product\">\n<div id=\"ProductSection-1596990974821\" class=\"page-width\" data-section-id=\"1596990974821\" data-section-type=\"product\" data-ajax-enabled=\"true\">\n<div class=\"grid product-single product-single--medium-media\">\n<div class=\"grid__item medium-up--one-half\">\n<div class=\"product-single__meta\">\n<div class=\"product-single__description rte\">\n<div id=\"shopify-section-1588264376496\" class=\"shopify-section index-section index-section--featured-product\">\n<div id=\"ProductSection-1588264376496\" class=\"page-width\" data-section-id=\"1588264376496\" data-section-type=\"product\" data-ajax-enabled=\"true\">\n<div class=\"grid product-single product-single--medium-media\">\n<div class=\"grid__item medium-up--one-half\">\n<div class=\"product-single__meta\">\n<div class=\"product-single__description rte\">\n<div id=\"shopify-section-1596990974821\" class=\"shopify-section index-section index-section--featured-product\">\n<div id=\"ProductSection-1596990974821\" class=\"page-width\" data-section-id=\"1596990974821\" data-section-type=\"product\" data-ajax-enabled=\"true\">\n<div class=\"grid product-single product-single--medium-media\">\n<div class=\"grid__item medium-up--one-half\">\n<div class=\"product-single__meta\">\n<div class=\"product-single__description rte\">\n<div id=\"shopify-section-1588264376496\" class=\"shopify-section index-section index-section--featured-product\">\n<div id=\"ProductSection-1588264376496\" class=\"page-width\" data-section-id=\"1588264376496\" data-section-type=\"product\" data-ajax-enabled=\"true\">\n<div class=\"grid product-single product-single--medium-media\">\n<div class=\"grid__item medium-up--one-half\">\n<div class=\"product-single__meta\">\n<div class=\"product-single__description rte\">\n<div id=\"shopify-section-1596990974821\" class=\"shopify-section index-section index-section--featured-product\">\n<div id=\"ProductSection-1596990974821\" class=\"page-width\" data-section-id=\"1596990974821\" data-section-type=\"product\" data-ajax-enabled=\"true\">\n<div class=\"grid product-single product-single--medium-media\">\n<div class=\"grid__item medium-up--one-half\">\n<div class=\"product-single__meta\">\n<div class=\"product-single__description rte\">\n<div id=\"shopify-section-1588264376496\" class=\"shopify-section index-section index-section--featured-product\">\n<div id=\"ProductSection-1588264376496\" class=\"page-width\" data-section-id=\"1588264376496\" data-section-type=\"product\" data-ajax-enabled=\"true\">\n<div class=\"grid product-single product-single--medium-media\">\n<div class=\"grid__item medium-up--one-half\">\n<div class=\"product-single__meta\">\n<div class=\"product-single__description rte\">\n<div id=\"shopify-section-1596990974821\" class=\"shopify-section index-section index-section--featured-product\">\n<div id=\"ProductSection-1596990974821\" class=\"page-width\" data-section-id=\"1596990974821\" data-section-type=\"product\" data-ajax-enabled=\"true\">\n<div class=\"grid product-single product-single--medium-media\">\n<div class=\"grid__item medium-up--one-half\">\n<div class=\"product-single__meta\">\n<div class=\"product-single__description rte\">\n<div id=\"shopify-section-1588264376496\" class=\"shopify-section index-section index-section--featured-product\">\n<div id=\"ProductSection-1588264376496\" class=\"page-width\" data-section-id=\"1588264376496\" data-section-type=\"product\" data-ajax-enabled=\"true\">\n<div class=\"grid product-single product-single--medium-media\">\n<div class=\"grid__item medium-up--one-half\">\n<div class=\"product-single__meta\">\n<div class=\"product-single__description rte\">\n<div id=\"shopify-section-1596990974821\" class=\"shopify-section index-section index-section--featured-product\">\n<div id=\"ProductSection-1596990974821\" class=\"page-width\" data-section-id=\"1596990974821\" data-section-type=\"product\" data-ajax-enabled=\"true\">\n<div class=\"grid product-single product-single--medium-media\">\n<div class=\"grid__item medium-up--one-half\">\n<div class=\"product-single__meta\">\n<div class=\"product-single__description rte\">\n<div id=\"shopify-section-1588264376496\" class=\"shopify-section index-section index-section--featured-product\">\n<div id=\"ProductSection-1588264376496\" class=\"page-width\" data-section-id=\"1588264376496\" data-section-type=\"product\" data-ajax-enabled=\"true\">\n<div class=\"grid product-single product-single--medium-media\">\n<div class=\"grid__item medium-up--one-half\">\n<div class=\"product-single__meta\">\n<div class=\"product-single__description rte\">\u2713 Kompatibel mit allen IPTV-Anwendungen (Hot IPTV \u2013 Smart IPTV \u2013 Set IPTV \u2013 Net IPTV \u2013 SS IPTV \u2013 Flix IPTV \u2013 Home IPTV \u2013 IBO Player \u2013 Extreme IPTV \u2013 usw.)<br \/>\n\u2713 Nach der Zahlung werden Sie von unseren Vertretern kontaktiert, um die Installation Ihres Abonnements zu best\u00e4tigen.<br \/>\n\u2713 Sie erhalten sofort \u00fcber 9700 regul\u00e4re und Premium-Kan\u00e4le.j<br \/>\n\u2713 Sie erhalten mehr als 22.000 Filme und Serien (VOD).<br \/>\n\u2713 Sie profitieren von einem 24\/7-Kundenservice.<\/div>\n<\/div>\n<\/div>\n<\/div>\n<\/div>\n<\/div>\n<\/div>\n<\/div>\n<\/div>\n<\/div>\n<\/div>\n<\/div>\n<\/div>\n<\/div>\n<\/div>\n<\/div>\n<\/div>\n<\/div>\n<\/div>\n<\/div>\n<\/div>\n<\/div>\n<\/div>\n<\/div>\n<\/div>\n<\/div>\n<\/div>\n<\/div>\n<\/div>\n<\/div>\n<\/div>\n<\/div>\n<\/div>\n<\/div>\n<\/div>\n<\/div>\n<\/div>\n<\/div>\n<\/div>\n<\/div>\n<\/div>\n<\/div>\n<\/div>\n<\/div>\n<\/div>\n<\/div>\n<\/div>\n<\/div>\n<\/div>\n<\/div>\n<\/div>\n<\/div>\n<\/div>\n<\/div>\n<\/div>\n<\/div>\n<\/div>\n<\/div>\n<\/div>\n<\/div>\n","protected":false},"featured_media":2566,"comment_status":"open","ping_status":"closed","template":"","meta":[],"product_brand":[],"product_cat":[],"product_tag":[],"class_list":{"0":"post-2562","1":"product","2":"type-product","3":"status-publish","4":"has-post-thumbnail","7":"first","8":"instock","9":"sale","10":"shipping-taxable","11":"product-type-external"},"yoast_head":"<!-- This site is optimized with the Yoast SEO Premium plugin v24.9 (Yoast SEO v24.9) - https:\/\/yoast.com\/wordpress\/plugins\/seo\/ -->\n<title>\ud83c\udf84 IPTV Paket 12 Monate \u2013 Weihnachtsangebot - BESSER IPTV<\/title>\n<meta name=\"robots\" content=\"index, follow, max-snippet:-1, max-image-preview:large, max-video-preview:-1\" \/>\n<link rel=\"canonical\" href=\"https:\/\/besseriptv.com\/best\/de\/products\/noeloffer\/\" \/>\n<meta property=\"og:locale\" content=\"de_DE\" \/>\n<meta property=\"og:type\" content=\"article\" \/>\n<meta property=\"og:title\" content=\"\ud83c\udf84 IPTV Paket 12 Monate \u2013 Weihnachtsangebot\" \/>\n<meta property=\"og:description\" content=\"\u2713 Kompatibel mit allen IPTV-Anwendungen (Hot IPTV \u2013 Smart IPTV \u2013 Set IPTV \u2013 Net IPTV \u2013 SS IPTV \u2013 Flix IPTV \u2013 Home IPTV \u2013 IBO Player \u2013 Extreme IPTV \u2013 usw.) \u2713 Nach der Zahlung werden Sie von unseren Vertretern kontaktiert, um die Installation Ihres Abonnements zu best\u00e4tigen. \u2713 Sie erhalten sofort \u00fcber 9700 regul\u00e4re und Premium-Kan\u00e4le.j \u2713 Sie erhalten mehr als 22.000 Filme und Serien (VOD). \u2713 Sie profitieren von einem 24\/7-Kundenservice.\" \/>\n<meta property=\"og:url\" content=\"https:\/\/besseriptv.com\/best\/de\/products\/noeloffer\/\" \/>\n<meta property=\"og:site_name\" content=\"BESSER IPTV\" \/>\n<meta property=\"article:modified_time\" content=\"2025-12-24T23:00:16+00:00\" \/>\n<meta property=\"og:image\" content=\"https:\/\/besseriptv.com\/wp-content\/uploads\/2025\/12\/ChatGPT-Image-24-dec.-2025-22_43_45-1024x683.png\" \/>\n\t<meta property=\"og:image:width\" content=\"1024\" \/>\n\t<meta property=\"og:image:height\" content=\"683\" \/>\n\t<meta property=\"og:image:type\" content=\"image\/png\" \/>\n<meta name=\"twitter:card\" content=\"summary_large_image\" \/>\n<meta name=\"twitter:label1\" content=\"Gesch\u00e4tzte Lesezeit\" \/>\n\t<meta name=\"twitter:data1\" content=\"1\u00a0Minute\" \/>\n<script type=\"application\/ld+json\" class=\"yoast-schema-graph\">{\"@context\":\"https:\/\/schema.org\",\"@graph\":[{\"@type\":\"WebPage\",\"@id\":\"https:\/\/besseriptv.com\/best\/de\/products\/noeloffer\/\",\"url\":\"https:\/\/besseriptv.com\/best\/de\/products\/noeloffer\/\",\"name\":\"\ud83c\udf84 IPTV Paket 12 Monate \u2013 Weihnachtsangebot - BESSER IPTV\",\"isPartOf\":{\"@id\":\"https:\/\/besseriptv.com\/best\/#website\"},\"primaryImageOfPage\":{\"@id\":\"https:\/\/besseriptv.com\/best\/de\/products\/noeloffer\/#primaryimage\"},\"image\":{\"@id\":\"https:\/\/besseriptv.com\/best\/de\/products\/noeloffer\/#primaryimage\"},\"thumbnailUrl\":\"https:\/\/besseriptv.com\/wp-content\/uploads\/2025\/12\/ChatGPT-Image-24-dec.-2025-22_43_45.png\",\"datePublished\":\"2025-12-24T22:27:17+00:00\",\"dateModified\":\"2025-12-24T23:00:16+00:00\",\"breadcrumb\":{\"@id\":\"https:\/\/besseriptv.com\/best\/de\/products\/noeloffer\/#breadcrumb\"},\"inLanguage\":\"de\",\"potentialAction\":[{\"@type\":\"ReadAction\",\"target\":[\"https:\/\/besseriptv.com\/best\/de\/products\/noeloffer\/\"]}]},{\"@type\":\"ImageObject\",\"inLanguage\":\"de\",\"@id\":\"https:\/\/besseriptv.com\/best\/de\/products\/noeloffer\/#primaryimage\",\"url\":\"https:\/\/besseriptv.com\/wp-content\/uploads\/2025\/12\/ChatGPT-Image-24-dec.-2025-22_43_45.png\",\"contentUrl\":\"https:\/\/besseriptv.com\/wp-content\/uploads\/2025\/12\/ChatGPT-Image-24-dec.-2025-22_43_45.png\",\"width\":1536,\"height\":1024},{\"@type\":\"BreadcrumbList\",\"@id\":\"https:\/\/besseriptv.com\/best\/de\/products\/noeloffer\/#breadcrumb\",\"itemListElement\":[{\"@type\":\"ListItem\",\"position\":1,\"name\":\"Accueil\",\"item\":\"https:\/\/besseriptv.com\/best\/\"},{\"@type\":\"ListItem\",\"position\":2,\"name\":\"Produits\",\"item\":\"https:\/\/besseriptv.com\/best\/shop\/\"},{\"@type\":\"ListItem\",\"position\":3,\"name\":\"\ud83c\udf84 IPTV Paket 12 Monate \u2013 Weihnachtsangebot\"}]},{\"@type\":\"WebSite\",\"@id\":\"https:\/\/besseriptv.com\/best\/#website\",\"url\":\"https:\/\/besseriptv.com\/best\/\",\"name\":\"BESSER IPTV\",\"description\":\"\",\"potentialAction\":[{\"@type\":\"SearchAction\",\"target\":{\"@type\":\"EntryPoint\",\"urlTemplate\":\"https:\/\/besseriptv.com\/best\/?s={search_term_string}\"},\"query-input\":{\"@type\":\"PropertyValueSpecification\",\"valueRequired\":true,\"valueName\":\"search_term_string\"}}],\"inLanguage\":\"de\"}]}<\/script>\n<!-- \/ Yoast SEO Premium plugin. -->","yoast_head_json":{"title":"\ud83c\udf84 IPTV Paket 12 Monate \u2013 Weihnachtsangebot - BESSER IPTV","robots":{"index":"index","follow":"follow","max-snippet":"max-snippet:-1","max-image-preview":"max-image-preview:large","max-video-preview":"max-video-preview:-1"},"canonical":"https:\/\/besseriptv.com\/best\/de\/products\/noeloffer\/","og_locale":"de_DE","og_type":"article","og_title":"\ud83c\udf84 IPTV Paket 12 Monate \u2013 Weihnachtsangebot","og_description":"\u2713 Kompatibel mit allen IPTV-Anwendungen (Hot IPTV \u2013 Smart IPTV \u2013 Set IPTV \u2013 Net IPTV \u2013 SS IPTV \u2013 Flix IPTV \u2013 Home IPTV \u2013 IBO Player \u2013 Extreme IPTV \u2013 usw.) \u2713 Nach der Zahlung werden Sie von unseren Vertretern kontaktiert, um die Installation Ihres Abonnements zu best\u00e4tigen. \u2713 Sie erhalten sofort \u00fcber 9700 regul\u00e4re und Premium-Kan\u00e4le.j \u2713 Sie erhalten mehr als 22.000 Filme und Serien (VOD). \u2713 Sie profitieren von einem 24\/7-Kundenservice.","og_url":"https:\/\/besseriptv.com\/best\/de\/products\/noeloffer\/","og_site_name":"BESSER IPTV","article_modified_time":"2025-12-24T23:00:16+00:00","og_image":[{"width":1024,"height":683,"url":"https:\/\/besseriptv.com\/wp-content\/uploads\/2025\/12\/ChatGPT-Image-24-dec.-2025-22_43_45-1024x683.png","type":"image\/png"}],"twitter_card":"summary_large_image","twitter_misc":{"Gesch\u00e4tzte Lesezeit":"1\u00a0Minute"},"schema":{"@context":"https:\/\/schema.org","@graph":[{"@type":"WebPage","@id":"https:\/\/besseriptv.com\/best\/de\/products\/noeloffer\/","url":"https:\/\/besseriptv.com\/best\/de\/products\/noeloffer\/","name":"\ud83c\udf84 IPTV Paket 12 Monate \u2013 Weihnachtsangebot - BESSER IPTV","isPartOf":{"@id":"https:\/\/besseriptv.com\/best\/#website"},"primaryImageOfPage":{"@id":"https:\/\/besseriptv.com\/best\/de\/products\/noeloffer\/#primaryimage"},"image":{"@id":"https:\/\/besseriptv.com\/best\/de\/products\/noeloffer\/#primaryimage"},"thumbnailUrl":"https:\/\/besseriptv.com\/wp-content\/uploads\/2025\/12\/ChatGPT-Image-24-dec.-2025-22_43_45.png","datePublished":"2025-12-24T22:27:17+00:00","dateModified":"2025-12-24T23:00:16+00:00","breadcrumb":{"@id":"https:\/\/besseriptv.com\/best\/de\/products\/noeloffer\/#breadcrumb"},"inLanguage":"de","potentialAction":[{"@type":"ReadAction","target":["https:\/\/besseriptv.com\/best\/de\/products\/noeloffer\/"]}]},{"@type":"ImageObject","inLanguage":"de","@id":"https:\/\/besseriptv.com\/best\/de\/products\/noeloffer\/#primaryimage","url":"https:\/\/besseriptv.com\/wp-content\/uploads\/2025\/12\/ChatGPT-Image-24-dec.-2025-22_43_45.png","contentUrl":"https:\/\/besseriptv.com\/wp-content\/uploads\/2025\/12\/ChatGPT-Image-24-dec.-2025-22_43_45.png","width":1536,"height":1024},{"@type":"BreadcrumbList","@id":"https:\/\/besseriptv.com\/best\/de\/products\/noeloffer\/#breadcrumb","itemListElement":[{"@type":"ListItem","position":1,"name":"Accueil","item":"https:\/\/besseriptv.com\/best\/"},{"@type":"ListItem","position":2,"name":"Produits","item":"https:\/\/besseriptv.com\/best\/shop\/"},{"@type":"ListItem","position":3,"name":"\ud83c\udf84 IPTV Paket 12 Monate \u2013 Weihnachtsangebot"}]},{"@type":"WebSite","@id":"https:\/\/besseriptv.com\/best\/#website","url":"https:\/\/besseriptv.com\/best\/","name":"BESSER IPTV","description":"","potentialAction":[{"@type":"SearchAction","target":{"@type":"EntryPoint","urlTemplate":"https:\/\/besseriptv.com\/best\/?s={search_term_string}"},"query-input":{"@type":"PropertyValueSpecification","valueRequired":true,"valueName":"search_term_string"}}],"inLanguage":"de"}]}},"_links":{"self":[{"href":"https:\/\/besseriptv.com\/best\/de\/wp-json\/wp\/v2\/product\/2562","targetHints":{"allow":["GET"]}}],"collection":[{"href":"https:\/\/besseriptv.com\/best\/de\/wp-json\/wp\/v2\/product"}],"about":[{"href":"https:\/\/besseriptv.com\/best\/de\/wp-json\/wp\/v2\/types\/product"}],"replies":[{"embeddable":true,"href":"https:\/\/besseriptv.com\/best\/de\/wp-json\/wp\/v2\/comments?post=2562"}],"version-history":[{"count":2,"href":"https:\/\/besseriptv.com\/best\/de\/wp-json\/wp\/v2\/product\/2562\/revisions"}],"predecessor-version":[{"id":2571,"href":"https:\/\/besseriptv.com\/best\/de\/wp-json\/wp\/v2\/product\/2562\/revisions\/2571"}],"wp:featuredmedia":[{"embeddable":true,"href":"https:\/\/besseriptv.com\/best\/de\/wp-json\/wp\/v2\/media\/2566"}],"wp:attachment":[{"href":"https:\/\/besseriptv.com\/best\/de\/wp-json\/wp\/v2\/media?parent=2562"}],"wp:term":[{"taxonomy":"product_brand","embeddable":true,"href":"https:\/\/besseriptv.com\/best\/de\/wp-json\/wp\/v2\/product_brand?post=2562"},{"taxonomy":"product_cat","embeddable":true,"href":"https:\/\/besseriptv.com\/best\/de\/wp-json\/wp\/v2\/product_cat?post=2562"},{"taxonomy":"product_tag","embeddable":true,"href":"https:\/\/besseriptv.com\/best\/de\/wp-json\/wp\/v2\/product_tag?post=2562"}],"curies":[{"name":"wp","href":"https:\/\/api.w.org\/{rel}","templated":true}]}}