{"id":2225,"date":"2022-07-26T14:13:51","date_gmt":"2022-07-26T14:13:51","guid":{"rendered":"https:\/\/besseriptv.com\/best\/?post_type=product&#038;p=2225"},"modified":"2025-12-20T17:42:44","modified_gmt":"2025-12-20T17:42:44","slug":"12-monats-abonnement-r","status":"publish","type":"product","link":"https:\/\/besseriptv.com\/best\/de\/products\/12-monats-abonnement-r\/","title":{"rendered":"12-Monats-Abonnement SONDERANGEBOT"},"content":{"rendered":"<div id=\"shopify-section-1596990974821\" class=\"shopify-section index-section index-section--featured-product\">\n<div id=\"ProductSection-1596990974821\" class=\"page-width\" data-section-id=\"1596990974821\" data-section-type=\"product\" data-ajax-enabled=\"true\">\n<div class=\"grid product-single product-single--medium-media\">\n<div class=\"grid__item medium-up--one-half\">\n<div class=\"product-single__meta\">\n<div class=\"product-single__description rte\">\n<div id=\"shopify-section-1588264376496\" class=\"shopify-section index-section index-section--featured-product\">\n<div id=\"ProductSection-1588264376496\" class=\"page-width\" data-section-id=\"1588264376496\" data-section-type=\"product\" data-ajax-enabled=\"true\">\n<div class=\"grid product-single product-single--medium-media\">\n<div class=\"grid__item medium-up--one-half\">\n<div class=\"product-single__meta\">\n<div class=\"product-single__description rte\">\n<div id=\"shopify-section-1596990974821\" class=\"shopify-section index-section index-section--featured-product\">\n<div id=\"ProductSection-1596990974821\" class=\"page-width\" data-section-id=\"1596990974821\" data-section-type=\"product\" data-ajax-enabled=\"true\">\n<div class=\"grid product-single product-single--medium-media\">\n<div class=\"grid__item medium-up--one-half\">\n<div class=\"product-single__meta\">\n<div class=\"product-single__description rte\">\n<div id=\"shopify-section-1588264376496\" class=\"shopify-section index-section index-section--featured-product\">\n<div id=\"ProductSection-1588264376496\" class=\"page-width\" data-section-id=\"1588264376496\" data-section-type=\"product\" data-ajax-enabled=\"true\">\n<div class=\"grid product-single product-single--medium-media\">\n<div class=\"grid__item medium-up--one-half\">\n<div class=\"product-single__meta\">\n<div class=\"product-single__description rte\">\n<div id=\"shopify-section-1596990974821\" class=\"shopify-section index-section index-section--featured-product\">\n<div id=\"ProductSection-1596990974821\" class=\"page-width\" data-section-id=\"1596990974821\" data-section-type=\"product\" data-ajax-enabled=\"true\">\n<div class=\"grid product-single product-single--medium-media\">\n<div class=\"grid__item medium-up--one-half\">\n<div class=\"product-single__meta\">\n<div class=\"product-single__description rte\">\n<div id=\"shopify-section-1588264376496\" class=\"shopify-section index-section index-section--featured-product\">\n<div id=\"ProductSection-1588264376496\" class=\"page-width\" data-section-id=\"1588264376496\" data-section-type=\"product\" data-ajax-enabled=\"true\">\n<div class=\"grid product-single product-single--medium-media\">\n<div class=\"grid__item medium-up--one-half\">\n<div class=\"product-single__meta\">\n<div class=\"product-single__description rte\">\u2713 Kompatibel mit allen IPTV-Anwendungen (Hot IPTV \u2013 Smart IPTV \u2013 Set IPTV \u2013 Net IPTV \u2013 SS IPTV \u2013 Flix IPTV \u2013 Home IPTV \u2013 IBO Player \u2013 Extreme IPTV \u2013 usw.)<br \/>\n\u2713 Nach der Zahlung werden Sie von unseren Vertretern kontaktiert, um die Installation Ihres Abonnements zu best\u00e4tigen.<br \/>\n\u2713 Sie erhalten sofort \u00fcber 9700 regul\u00e4re und Premium-Kan\u00e4le.j<br \/>\n\u2713 Sie erhalten mehr als 22.000 Filme und Serien (VOD).<br \/>\n\u2713 Sie profitieren von einem 24\/7-Kundenservice.<\/div>\n<\/div>\n<\/div>\n<\/div>\n<\/div>\n<\/div>\n<\/div>\n<\/div>\n<\/div>\n<\/div>\n<\/div>\n<\/div>\n<\/div>\n<\/div>\n<\/div>\n<\/div>\n<\/div>\n<\/div>\n<\/div>\n<\/div>\n<\/div>\n<\/div>\n<\/div>\n<\/div>\n<\/div>\n<\/div>\n<\/div>\n<\/div>\n<\/div>\n<\/div>\n<\/div>\n<\/div>\n<\/div>\n<\/div>\n<\/div>\n<\/div>\n","protected":false},"excerpt":{"rendered":"<div id=\"shopify-section-1596990974821\" class=\"shopify-section index-section index-section--featured-product\">\n<div id=\"ProductSection-1596990974821\" class=\"page-width\" data-section-id=\"1596990974821\" data-section-type=\"product\" data-ajax-enabled=\"true\">\n<div class=\"grid product-single product-single--medium-media\">\n<div class=\"grid__item medium-up--one-half\">\n<div class=\"product-single__meta\">\n<div class=\"product-single__description rte\">\n<div id=\"shopify-section-1588264376496\" class=\"shopify-section index-section index-section--featured-product\">\n<div id=\"ProductSection-1588264376496\" class=\"page-width\" data-section-id=\"1588264376496\" data-section-type=\"product\" data-ajax-enabled=\"true\">\n<div class=\"grid product-single product-single--medium-media\">\n<div class=\"grid__item medium-up--one-half\">\n<div class=\"product-single__meta\">\n<div class=\"product-single__description rte\">\n<div id=\"shopify-section-1596990974821\" class=\"shopify-section index-section index-section--featured-product\">\n<div id=\"ProductSection-1596990974821\" class=\"page-width\" data-section-id=\"1596990974821\" data-section-type=\"product\" data-ajax-enabled=\"true\">\n<div class=\"grid product-single product-single--medium-media\">\n<div class=\"grid__item medium-up--one-half\">\n<div class=\"product-single__meta\">\n<div class=\"product-single__description rte\">\n<div id=\"shopify-section-1588264376496\" class=\"shopify-section index-section index-section--featured-product\">\n<div id=\"ProductSection-1588264376496\" class=\"page-width\" data-section-id=\"1588264376496\" data-section-type=\"product\" data-ajax-enabled=\"true\">\n<div class=\"grid product-single product-single--medium-media\">\n<div class=\"grid__item medium-up--one-half\">\n<div class=\"product-single__meta\">\n<div class=\"product-single__description rte\">\n<div id=\"shopify-section-1596990974821\" class=\"shopify-section index-section index-section--featured-product\">\n<div id=\"ProductSection-1596990974821\" class=\"page-width\" data-section-id=\"1596990974821\" data-section-type=\"product\" data-ajax-enabled=\"true\">\n<div class=\"grid product-single product-single--medium-media\">\n<div class=\"grid__item medium-up--one-half\">\n<div class=\"product-single__meta\">\n<div class=\"product-single__description rte\">\n<div id=\"shopify-section-1588264376496\" class=\"shopify-section index-section index-section--featured-product\">\n<div id=\"ProductSection-1588264376496\" class=\"page-width\" data-section-id=\"1588264376496\" data-section-type=\"product\" data-ajax-enabled=\"true\">\n<div class=\"grid product-single product-single--medium-media\">\n<div class=\"grid__item medium-up--one-half\">\n<div class=\"product-single__meta\">\n<div class=\"product-single__description rte\">\n<div id=\"shopify-section-1596990974821\" class=\"shopify-section index-section index-section--featured-product\">\n<div id=\"ProductSection-1596990974821\" class=\"page-width\" data-section-id=\"1596990974821\" data-section-type=\"product\" data-ajax-enabled=\"true\">\n<div class=\"grid product-single product-single--medium-media\">\n<div class=\"grid__item medium-up--one-half\">\n<div class=\"product-single__meta\">\n<div class=\"product-single__description rte\">\n<div id=\"shopify-section-1588264376496\" class=\"shopify-section index-section index-section--featured-product\">\n<div id=\"ProductSection-1588264376496\" class=\"page-width\" data-section-id=\"1588264376496\" data-section-type=\"product\" data-ajax-enabled=\"true\">\n<div class=\"grid product-single product-single--medium-media\">\n<div class=\"grid__item medium-up--one-half\">\n<div class=\"product-single__meta\">\n<div class=\"product-single__description rte\">\n<div id=\"shopify-section-1596990974821\" class=\"shopify-section index-section index-section--featured-product\">\n<div id=\"ProductSection-1596990974821\" class=\"page-width\" data-section-id=\"1596990974821\" data-section-type=\"product\" data-ajax-enabled=\"true\">\n<div class=\"grid product-single product-single--medium-media\">\n<div class=\"grid__item medium-up--one-half\">\n<div class=\"product-single__meta\">\n<div class=\"product-single__description rte\">\n<div id=\"shopify-section-1588264376496\" class=\"shopify-section index-section index-section--featured-product\">\n<div id=\"ProductSection-1588264376496\" class=\"page-width\" data-section-id=\"1588264376496\" data-section-type=\"product\" data-ajax-enabled=\"true\">\n<div class=\"grid product-single product-single--medium-media\">\n<div class=\"grid__item medium-up--one-half\">\n<div class=\"product-single__meta\">\n<div class=\"product-single__description rte\">\u2713 Kompatibel mit allen IPTV-Anwendungen (Hot IPTV \u2013 Smart IPTV \u2013 Set IPTV \u2013 Net IPTV \u2013 SS IPTV \u2013 Flix IPTV \u2013 Home IPTV \u2013 IBO Player \u2013 Extreme IPTV \u2013 usw.)<br \/>\n\u2713 Nach der Zahlung werden Sie von unseren Vertretern kontaktiert, um die Installation Ihres Abonnements zu best\u00e4tigen.<br \/>\n\u2713 Sie erhalten sofort \u00fcber 9700 regul\u00e4re und Premium-Kan\u00e4le.j<br \/>\n\u2713 Sie erhalten mehr als 22.000 Filme und Serien (VOD).<br \/>\n\u2713 Sie profitieren von einem 24\/7-Kundenservice.<\/div>\n<\/div>\n<\/div>\n<\/div>\n<\/div>\n<\/div>\n<\/div>\n<\/div>\n<\/div>\n<\/div>\n<\/div>\n<\/div>\n<\/div>\n<\/div>\n<\/div>\n<\/div>\n<\/div>\n<\/div>\n<\/div>\n<\/div>\n<\/div>\n<\/div>\n<\/div>\n<\/div>\n<\/div>\n<\/div>\n<\/div>\n<\/div>\n<\/div>\n<\/div>\n<\/div>\n<\/div>\n<\/div>\n<\/div>\n<\/div>\n<\/div>\n<\/div>\n<\/div>\n<\/div>\n<\/div>\n<\/div>\n<\/div>\n<\/div>\n<\/div>\n<\/div>\n<\/div>\n<\/div>\n<\/div>\n<\/div>\n<\/div>\n<\/div>\n<\/div>\n<\/div>\n<\/div>\n<\/div>\n<\/div>\n<\/div>\n<\/div>\n<\/div>\n<\/div>\n","protected":false},"featured_media":1224,"comment_status":"open","ping_status":"closed","template":"","meta":[],"product_brand":[],"product_cat":[],"product_tag":[],"class_list":{"0":"post-2225","1":"product","2":"type-product","3":"status-publish","4":"has-post-thumbnail","7":"first","8":"instock","9":"sale","10":"shipping-taxable","11":"product-type-external"},"yoast_head":"<!-- This site is optimized with the Yoast SEO Premium plugin v24.9 (Yoast SEO v24.9) - https:\/\/yoast.com\/wordpress\/plugins\/seo\/ -->\n<title>12-Monats-Abonnement SONDERANGEBOT - BESSER IPTV<\/title>\n<meta name=\"robots\" content=\"index, follow, max-snippet:-1, max-image-preview:large, max-video-preview:-1\" \/>\n<link rel=\"canonical\" href=\"https:\/\/besseriptv.com\/best\/de\/products\/12-monats-abonnement-r\/\" \/>\n<meta property=\"og:locale\" content=\"de_DE\" \/>\n<meta property=\"og:type\" content=\"article\" \/>\n<meta property=\"og:title\" content=\"12-Monats-Abonnement SONDERANGEBOT\" \/>\n<meta property=\"og:description\" content=\"\u2713 Kompatibel mit allen IPTV-Anwendungen (Hot IPTV \u2013 Smart IPTV \u2013 Set IPTV \u2013 Net IPTV \u2013 SS IPTV \u2013 Flix IPTV \u2013 Home IPTV \u2013 IBO Player \u2013 Extreme IPTV \u2013 usw.) \u2713 Nach der Zahlung werden Sie von unseren Vertretern kontaktiert, um die Installation Ihres Abonnements zu best\u00e4tigen. \u2713 Sie erhalten sofort \u00fcber 9700 regul\u00e4re und Premium-Kan\u00e4le.j \u2713 Sie erhalten mehr als 22.000 Filme und Serien (VOD). \u2713 Sie profitieren von einem 24\/7-Kundenservice.\" \/>\n<meta property=\"og:url\" content=\"https:\/\/besseriptv.com\/best\/de\/products\/12-monats-abonnement-r\/\" \/>\n<meta property=\"og:site_name\" content=\"BESSER IPTV\" \/>\n<meta property=\"article:modified_time\" content=\"2025-12-20T17:42:44+00:00\" \/>\n<meta property=\"og:image\" content=\"https:\/\/besseriptv.com\/wp-content\/uploads\/2021\/01\/12-MOIS-scaled.jpg\" \/>\n\t<meta property=\"og:image:width\" content=\"2560\" \/>\n\t<meta property=\"og:image:height\" content=\"1709\" \/>\n\t<meta property=\"og:image:type\" content=\"image\/jpeg\" \/>\n<meta name=\"twitter:card\" content=\"summary_large_image\" \/>\n<meta name=\"twitter:label1\" content=\"Gesch\u00e4tzte Lesezeit\" \/>\n\t<meta name=\"twitter:data1\" content=\"1\u00a0Minute\" \/>\n<script type=\"application\/ld+json\" class=\"yoast-schema-graph\">{\"@context\":\"https:\/\/schema.org\",\"@graph\":[{\"@type\":\"WebPage\",\"@id\":\"https:\/\/besseriptv.com\/best\/de\/products\/12-monats-abonnement-r\/\",\"url\":\"https:\/\/besseriptv.com\/best\/de\/products\/12-monats-abonnement-r\/\",\"name\":\"12-Monats-Abonnement SONDERANGEBOT - BESSER IPTV\",\"isPartOf\":{\"@id\":\"https:\/\/besseriptv.com\/best\/#website\"},\"primaryImageOfPage\":{\"@id\":\"https:\/\/besseriptv.com\/best\/de\/products\/12-monats-abonnement-r\/#primaryimage\"},\"image\":{\"@id\":\"https:\/\/besseriptv.com\/best\/de\/products\/12-monats-abonnement-r\/#primaryimage\"},\"thumbnailUrl\":\"https:\/\/besseriptv.com\/wp-content\/uploads\/2021\/01\/12-MOIS-scaled.jpg\",\"datePublished\":\"2022-07-26T14:13:51+00:00\",\"dateModified\":\"2025-12-20T17:42:44+00:00\",\"breadcrumb\":{\"@id\":\"https:\/\/besseriptv.com\/best\/de\/products\/12-monats-abonnement-r\/#breadcrumb\"},\"inLanguage\":\"de\",\"potentialAction\":[{\"@type\":\"ReadAction\",\"target\":[\"https:\/\/besseriptv.com\/best\/de\/products\/12-monats-abonnement-r\/\"]}]},{\"@type\":\"ImageObject\",\"inLanguage\":\"de\",\"@id\":\"https:\/\/besseriptv.com\/best\/de\/products\/12-monats-abonnement-r\/#primaryimage\",\"url\":\"https:\/\/besseriptv.com\/wp-content\/uploads\/2021\/01\/12-MOIS-scaled.jpg\",\"contentUrl\":\"https:\/\/besseriptv.com\/wp-content\/uploads\/2021\/01\/12-MOIS-scaled.jpg\",\"width\":2560,\"height\":1709},{\"@type\":\"BreadcrumbList\",\"@id\":\"https:\/\/besseriptv.com\/best\/de\/products\/12-monats-abonnement-r\/#breadcrumb\",\"itemListElement\":[{\"@type\":\"ListItem\",\"position\":1,\"name\":\"Accueil\",\"item\":\"https:\/\/besseriptv.com\/best\/\"},{\"@type\":\"ListItem\",\"position\":2,\"name\":\"Produits\",\"item\":\"https:\/\/besseriptv.com\/best\/shop\/\"},{\"@type\":\"ListItem\",\"position\":3,\"name\":\"12-Monats-Abonnement SONDERANGEBOT\"}]},{\"@type\":\"WebSite\",\"@id\":\"https:\/\/besseriptv.com\/best\/#website\",\"url\":\"https:\/\/besseriptv.com\/best\/\",\"name\":\"BESSER IPTV\",\"description\":\"\",\"potentialAction\":[{\"@type\":\"SearchAction\",\"target\":{\"@type\":\"EntryPoint\",\"urlTemplate\":\"https:\/\/besseriptv.com\/best\/?s={search_term_string}\"},\"query-input\":{\"@type\":\"PropertyValueSpecification\",\"valueRequired\":true,\"valueName\":\"search_term_string\"}}],\"inLanguage\":\"de\"}]}<\/script>\n<!-- \/ Yoast SEO Premium plugin. -->","yoast_head_json":{"title":"12-Monats-Abonnement SONDERANGEBOT - BESSER IPTV","robots":{"index":"index","follow":"follow","max-snippet":"max-snippet:-1","max-image-preview":"max-image-preview:large","max-video-preview":"max-video-preview:-1"},"canonical":"https:\/\/besseriptv.com\/best\/de\/products\/12-monats-abonnement-r\/","og_locale":"de_DE","og_type":"article","og_title":"12-Monats-Abonnement SONDERANGEBOT","og_description":"\u2713 Kompatibel mit allen IPTV-Anwendungen (Hot IPTV \u2013 Smart IPTV \u2013 Set IPTV \u2013 Net IPTV \u2013 SS IPTV \u2013 Flix IPTV \u2013 Home IPTV \u2013 IBO Player \u2013 Extreme IPTV \u2013 usw.) \u2713 Nach der Zahlung werden Sie von unseren Vertretern kontaktiert, um die Installation Ihres Abonnements zu best\u00e4tigen. \u2713 Sie erhalten sofort \u00fcber 9700 regul\u00e4re und Premium-Kan\u00e4le.j \u2713 Sie erhalten mehr als 22.000 Filme und Serien (VOD). \u2713 Sie profitieren von einem 24\/7-Kundenservice.","og_url":"https:\/\/besseriptv.com\/best\/de\/products\/12-monats-abonnement-r\/","og_site_name":"BESSER IPTV","article_modified_time":"2025-12-20T17:42:44+00:00","og_image":[{"width":2560,"height":1709,"url":"https:\/\/besseriptv.com\/wp-content\/uploads\/2021\/01\/12-MOIS-scaled.jpg","type":"image\/jpeg"}],"twitter_card":"summary_large_image","twitter_misc":{"Gesch\u00e4tzte Lesezeit":"1\u00a0Minute"},"schema":{"@context":"https:\/\/schema.org","@graph":[{"@type":"WebPage","@id":"https:\/\/besseriptv.com\/best\/de\/products\/12-monats-abonnement-r\/","url":"https:\/\/besseriptv.com\/best\/de\/products\/12-monats-abonnement-r\/","name":"12-Monats-Abonnement SONDERANGEBOT - BESSER IPTV","isPartOf":{"@id":"https:\/\/besseriptv.com\/best\/#website"},"primaryImageOfPage":{"@id":"https:\/\/besseriptv.com\/best\/de\/products\/12-monats-abonnement-r\/#primaryimage"},"image":{"@id":"https:\/\/besseriptv.com\/best\/de\/products\/12-monats-abonnement-r\/#primaryimage"},"thumbnailUrl":"https:\/\/besseriptv.com\/wp-content\/uploads\/2021\/01\/12-MOIS-scaled.jpg","datePublished":"2022-07-26T14:13:51+00:00","dateModified":"2025-12-20T17:42:44+00:00","breadcrumb":{"@id":"https:\/\/besseriptv.com\/best\/de\/products\/12-monats-abonnement-r\/#breadcrumb"},"inLanguage":"de","potentialAction":[{"@type":"ReadAction","target":["https:\/\/besseriptv.com\/best\/de\/products\/12-monats-abonnement-r\/"]}]},{"@type":"ImageObject","inLanguage":"de","@id":"https:\/\/besseriptv.com\/best\/de\/products\/12-monats-abonnement-r\/#primaryimage","url":"https:\/\/besseriptv.com\/wp-content\/uploads\/2021\/01\/12-MOIS-scaled.jpg","contentUrl":"https:\/\/besseriptv.com\/wp-content\/uploads\/2021\/01\/12-MOIS-scaled.jpg","width":2560,"height":1709},{"@type":"BreadcrumbList","@id":"https:\/\/besseriptv.com\/best\/de\/products\/12-monats-abonnement-r\/#breadcrumb","itemListElement":[{"@type":"ListItem","position":1,"name":"Accueil","item":"https:\/\/besseriptv.com\/best\/"},{"@type":"ListItem","position":2,"name":"Produits","item":"https:\/\/besseriptv.com\/best\/shop\/"},{"@type":"ListItem","position":3,"name":"12-Monats-Abonnement SONDERANGEBOT"}]},{"@type":"WebSite","@id":"https:\/\/besseriptv.com\/best\/#website","url":"https:\/\/besseriptv.com\/best\/","name":"BESSER IPTV","description":"","potentialAction":[{"@type":"SearchAction","target":{"@type":"EntryPoint","urlTemplate":"https:\/\/besseriptv.com\/best\/?s={search_term_string}"},"query-input":{"@type":"PropertyValueSpecification","valueRequired":true,"valueName":"search_term_string"}}],"inLanguage":"de"}]}},"_links":{"self":[{"href":"https:\/\/besseriptv.com\/best\/de\/wp-json\/wp\/v2\/product\/2225","targetHints":{"allow":["GET"]}}],"collection":[{"href":"https:\/\/besseriptv.com\/best\/de\/wp-json\/wp\/v2\/product"}],"about":[{"href":"https:\/\/besseriptv.com\/best\/de\/wp-json\/wp\/v2\/types\/product"}],"replies":[{"embeddable":true,"href":"https:\/\/besseriptv.com\/best\/de\/wp-json\/wp\/v2\/comments?post=2225"}],"version-history":[{"count":3,"href":"https:\/\/besseriptv.com\/best\/de\/wp-json\/wp\/v2\/product\/2225\/revisions"}],"predecessor-version":[{"id":2237,"href":"https:\/\/besseriptv.com\/best\/de\/wp-json\/wp\/v2\/product\/2225\/revisions\/2237"}],"wp:featuredmedia":[{"embeddable":true,"href":"https:\/\/besseriptv.com\/best\/de\/wp-json\/wp\/v2\/media\/1224"}],"wp:attachment":[{"href":"https:\/\/besseriptv.com\/best\/de\/wp-json\/wp\/v2\/media?parent=2225"}],"wp:term":[{"taxonomy":"product_brand","embeddable":true,"href":"https:\/\/besseriptv.com\/best\/de\/wp-json\/wp\/v2\/product_brand?post=2225"},{"taxonomy":"product_cat","embeddable":true,"href":"https:\/\/besseriptv.com\/best\/de\/wp-json\/wp\/v2\/product_cat?post=2225"},{"taxonomy":"product_tag","embeddable":true,"href":"https:\/\/besseriptv.com\/best\/de\/wp-json\/wp\/v2\/product_tag?post=2225"}],"curies":[{"name":"wp","href":"https:\/\/api.w.org\/{rel}","templated":true}]}}