{"id":2130,"date":"2022-04-20T16:54:50","date_gmt":"2022-04-20T16:54:50","guid":{"rendered":"https:\/\/besseriptv.com\/best\/products\/probe-1-monat\/"},"modified":"2025-04-22T02:03:48","modified_gmt":"2025-04-22T02:03:48","slug":"probe-1-monat","status":"publish","type":"product","link":"https:\/\/besseriptv.com\/best\/de\/products\/probe-1-monat\/","title":{"rendered":"Probe 1 Monat"},"content":{"rendered":"<p>*****NICHT ERSTATTUNGSF\u00c4HIG nur einmal bezahlt***********<\/p>\n<p>\u2713 Kompatibel mit allen IPTV-Anwendungen (Hot IPTV \u2013 Smart IPTV \u2013 Set IPTV \u2013 Net IPTV \u2013 SS IPTV \u2013 Flix IPTV \u2013 Home IPTV \u2013 IBO Player \u2013 Extreme IPTV \u2013 usw.)<br \/>\n\u2713 Nach der Zahlung werden Sie von unseren Vertretern kontaktiert, um die Installation Ihres Abonnements zu best\u00e4tigen.<br \/>\n\u2713 Sie erhalten sofort \u00fcber 9700 regul\u00e4re und Premium-Kan\u00e4le.j<br \/>\n\u2713 Sie erhalten mehr als 22.000 Filme und Serien (VOD).<br \/>\n\u2713 Sie profitieren von einem 24\/7-Kundenservice.<\/p>\n","protected":false},"excerpt":{"rendered":"<p>*****NICHT ERSTATTUNGSF\u00c4HIG nur einmal bezahlt***********<\/p>\n<div id=\"shopify-section-1596990974821\" class=\"shopify-section index-section index-section--featured-product\">\n<div id=\"ProductSection-1596990974821\" class=\"page-width\" data-section-id=\"1596990974821\" data-section-type=\"product\" data-ajax-enabled=\"true\">\n<div class=\"grid product-single product-single--medium-media\">\n<div class=\"grid__item medium-up--one-half\">\n<div class=\"product-single__meta\">\n<div class=\"product-single__description rte\">\n<div id=\"shopify-section-1588264376496\" class=\"shopify-section index-section index-section--featured-product\">\n<div id=\"ProductSection-1588264376496\" class=\"page-width\" data-section-id=\"1588264376496\" data-section-type=\"product\" data-ajax-enabled=\"true\">\n<div class=\"grid product-single product-single--medium-media\">\n<div class=\"grid__item medium-up--one-half\">\n<div class=\"product-single__meta\">\n<div class=\"product-single__description rte\">\n<div id=\"shopify-section-1596990974821\" class=\"shopify-section index-section index-section--featured-product\">\n<div id=\"ProductSection-1596990974821\" class=\"page-width\" data-section-id=\"1596990974821\" data-section-type=\"product\" data-ajax-enabled=\"true\">\n<div class=\"grid product-single product-single--medium-media\">\n<div class=\"grid__item medium-up--one-half\">\n<div class=\"product-single__meta\">\n<div class=\"product-single__description rte\">\n<div id=\"shopify-section-1588264376496\" class=\"shopify-section index-section index-section--featured-product\">\n<div id=\"ProductSection-1588264376496\" class=\"page-width\" data-section-id=\"1588264376496\" data-section-type=\"product\" data-ajax-enabled=\"true\">\n<div class=\"grid product-single product-single--medium-media\">\n<div class=\"grid__item medium-up--one-half\">\n<div class=\"product-single__meta\">\n<div class=\"product-single__description rte\">\n<div id=\"shopify-section-1596990974821\" class=\"shopify-section index-section index-section--featured-product\">\n<div id=\"ProductSection-1596990974821\" class=\"page-width\" data-section-id=\"1596990974821\" data-section-type=\"product\" data-ajax-enabled=\"true\">\n<div class=\"grid product-single product-single--medium-media\">\n<div class=\"grid__item medium-up--one-half\">\n<div class=\"product-single__meta\">\n<div class=\"product-single__description rte\">\n<div id=\"shopify-section-1588264376496\" class=\"shopify-section index-section index-section--featured-product\">\n<div id=\"ProductSection-1588264376496\" class=\"page-width\" data-section-id=\"1588264376496\" data-section-type=\"product\" data-ajax-enabled=\"true\">\n<div class=\"grid product-single product-single--medium-media\">\n<div class=\"grid__item medium-up--one-half\">\n<div class=\"product-single__meta\">\n<div class=\"product-single__description rte\">\n<div id=\"shopify-section-1596990974821\" class=\"shopify-section index-section index-section--featured-product\">\n<div id=\"ProductSection-1596990974821\" class=\"page-width\" data-section-id=\"1596990974821\" data-section-type=\"product\" data-ajax-enabled=\"true\">\n<div class=\"grid product-single product-single--medium-media\">\n<div class=\"grid__item medium-up--one-half\">\n<div class=\"product-single__meta\">\n<div class=\"product-single__description rte\">\n<div id=\"shopify-section-1588264376496\" class=\"shopify-section index-section index-section--featured-product\">\n<div id=\"ProductSection-1588264376496\" class=\"page-width\" data-section-id=\"1588264376496\" data-section-type=\"product\" data-ajax-enabled=\"true\">\n<div class=\"grid product-single product-single--medium-media\">\n<div class=\"grid__item medium-up--one-half\">\n<div class=\"product-single__meta\">\n<div class=\"product-single__description rte\">\n<div id=\"shopify-section-1596990974821\" class=\"shopify-section index-section index-section--featured-product\">\n<div id=\"ProductSection-1596990974821\" class=\"page-width\" data-section-id=\"1596990974821\" data-section-type=\"product\" data-ajax-enabled=\"true\">\n<div class=\"grid product-single product-single--medium-media\">\n<div class=\"grid__item medium-up--one-half\">\n<div class=\"product-single__meta\">\n<div class=\"product-single__description rte\">\n<div id=\"shopify-section-1588264376496\" class=\"shopify-section index-section index-section--featured-product\">\n<div id=\"ProductSection-1588264376496\" class=\"page-width\" data-section-id=\"1588264376496\" data-section-type=\"product\" data-ajax-enabled=\"true\">\n<div class=\"grid product-single product-single--medium-media\">\n<div class=\"grid__item medium-up--one-half\">\n<div class=\"product-single__meta\">\n<div class=\"product-single__description rte\">\u2713 Kompatibel mit allen IPTV-Anwendungen (Hot IPTV \u2013 Smart IPTV \u2013 Set IPTV \u2013 Net IPTV \u2013 SS IPTV \u2013 Flix IPTV \u2013 Home IPTV \u2013 IBO Player \u2013 Extreme IPTV \u2013 usw.)<br \/>\n\u2713 Nach der Zahlung werden Sie von unseren Vertretern kontaktiert, um die Installation Ihres Abonnements zu best\u00e4tigen.<br \/>\n\u2713 Sie erhalten sofort \u00fcber 9700 regul\u00e4re und Premium-Kan\u00e4le.j<br \/>\n\u2713 Sie erhalten mehr als 22.000 Filme und Serien (VOD).<br \/>\n\u2713 Sie profitieren von einem 24\/7-Kundenservice.<\/div>\n<\/div>\n<\/div>\n<\/div>\n<\/div>\n<\/div>\n<\/div>\n<\/div>\n<\/div>\n<\/div>\n<\/div>\n<\/div>\n<\/div>\n<\/div>\n<\/div>\n<\/div>\n<\/div>\n<\/div>\n<\/div>\n<\/div>\n<\/div>\n<\/div>\n<\/div>\n<\/div>\n<\/div>\n<\/div>\n<\/div>\n<\/div>\n<\/div>\n<\/div>\n<\/div>\n<\/div>\n<\/div>\n<\/div>\n<\/div>\n<\/div>\n<\/div>\n<\/div>\n<\/div>\n<\/div>\n<\/div>\n<\/div>\n<\/div>\n<\/div>\n<\/div>\n<\/div>\n<\/div>\n<\/div>\n<\/div>\n<\/div>\n<\/div>\n<\/div>\n<\/div>\n<\/div>\n<\/div>\n<\/div>\n<\/div>\n<\/div>\n<\/div>\n<\/div>\n","protected":false},"featured_media":1730,"comment_status":"open","ping_status":"closed","template":"","meta":[],"product_brand":[],"product_cat":[96],"product_tag":[],"class_list":{"0":"post-2130","1":"product","2":"type-product","3":"status-publish","4":"has-post-thumbnail","6":"product_cat-nicht-kategorisiert","8":"first","9":"instock","10":"shipping-taxable","11":"product-type-external"},"yoast_head":"<!-- This site is optimized with the Yoast SEO Premium plugin v24.9 (Yoast SEO v24.9) - https:\/\/yoast.com\/wordpress\/plugins\/seo\/ -->\n<title>Probe 1 Monat - BESSER IPTV<\/title>\n<meta name=\"robots\" content=\"index, follow, max-snippet:-1, max-image-preview:large, max-video-preview:-1\" \/>\n<link rel=\"canonical\" href=\"https:\/\/besseriptv.com\/best\/de\/products\/probe-1-monat\/\" \/>\n<meta property=\"og:locale\" content=\"de_DE\" \/>\n<meta property=\"og:type\" content=\"article\" \/>\n<meta property=\"og:title\" content=\"Probe 1 Monat\" \/>\n<meta property=\"og:description\" content=\"*****NICHT ERSTATTUNGSF\u00c4HIG nur einmal bezahlt***********                                                            \u2713 Kompatibel mit allen IPTV-Anwendungen (Hot IPTV \u2013 Smart IPTV \u2013 Set IPTV \u2013 Net IPTV \u2013 SS IPTV \u2013 Flix IPTV \u2013 Home IPTV \u2013 IBO Player \u2013 Extreme IPTV \u2013 usw.) \u2713 Nach der Zahlung werden Sie von unseren Vertretern kontaktiert, um die Installation Ihres Abonnements zu best\u00e4tigen. \u2713 Sie erhalten sofort \u00fcber 9700 regul\u00e4re und Premium-Kan\u00e4le.j \u2713 Sie erhalten mehr als 22.000 Filme und Serien (VOD). \u2713 Sie profitieren von einem 24\/7-Kundenservice.\" \/>\n<meta property=\"og:url\" content=\"https:\/\/besseriptv.com\/best\/de\/products\/probe-1-monat\/\" \/>\n<meta property=\"og:site_name\" content=\"BESSER IPTV\" \/>\n<meta property=\"article:modified_time\" content=\"2025-04-22T02:03:48+00:00\" \/>\n<meta property=\"og:image\" content=\"https:\/\/besseriptv.com\/wp-content\/uploads\/2021\/01\/1-MOIS-scaled.jpg\" \/>\n\t<meta property=\"og:image:width\" content=\"2560\" \/>\n\t<meta property=\"og:image:height\" content=\"1709\" \/>\n\t<meta property=\"og:image:type\" content=\"image\/jpeg\" \/>\n<meta name=\"twitter:card\" content=\"summary_large_image\" \/>\n<script type=\"application\/ld+json\" class=\"yoast-schema-graph\">{\"@context\":\"https:\/\/schema.org\",\"@graph\":[{\"@type\":\"WebPage\",\"@id\":\"https:\/\/besseriptv.com\/best\/de\/products\/probe-1-monat\/\",\"url\":\"https:\/\/besseriptv.com\/best\/de\/products\/probe-1-monat\/\",\"name\":\"Probe 1 Monat - BESSER IPTV\",\"isPartOf\":{\"@id\":\"https:\/\/besseriptv.com\/best\/#website\"},\"primaryImageOfPage\":{\"@id\":\"https:\/\/besseriptv.com\/best\/de\/products\/probe-1-monat\/#primaryimage\"},\"image\":{\"@id\":\"https:\/\/besseriptv.com\/best\/de\/products\/probe-1-monat\/#primaryimage\"},\"thumbnailUrl\":\"https:\/\/besseriptv.com\/wp-content\/uploads\/2021\/01\/1-MOIS-scaled.jpg\",\"datePublished\":\"2022-04-20T16:54:50+00:00\",\"dateModified\":\"2025-04-22T02:03:48+00:00\",\"breadcrumb\":{\"@id\":\"https:\/\/besseriptv.com\/best\/de\/products\/probe-1-monat\/#breadcrumb\"},\"inLanguage\":\"de\",\"potentialAction\":[{\"@type\":\"ReadAction\",\"target\":[\"https:\/\/besseriptv.com\/best\/de\/products\/probe-1-monat\/\"]}]},{\"@type\":\"ImageObject\",\"inLanguage\":\"de\",\"@id\":\"https:\/\/besseriptv.com\/best\/de\/products\/probe-1-monat\/#primaryimage\",\"url\":\"https:\/\/besseriptv.com\/wp-content\/uploads\/2021\/01\/1-MOIS-scaled.jpg\",\"contentUrl\":\"https:\/\/besseriptv.com\/wp-content\/uploads\/2021\/01\/1-MOIS-scaled.jpg\",\"width\":2560,\"height\":1709},{\"@type\":\"BreadcrumbList\",\"@id\":\"https:\/\/besseriptv.com\/best\/de\/products\/probe-1-monat\/#breadcrumb\",\"itemListElement\":[{\"@type\":\"ListItem\",\"position\":1,\"name\":\"Accueil\",\"item\":\"https:\/\/besseriptv.com\/best\/\"},{\"@type\":\"ListItem\",\"position\":2,\"name\":\"Produits\",\"item\":\"https:\/\/besseriptv.com\/best\/shop\/\"},{\"@type\":\"ListItem\",\"position\":3,\"name\":\"Probe 1 Monat\"}]},{\"@type\":\"WebSite\",\"@id\":\"https:\/\/besseriptv.com\/best\/#website\",\"url\":\"https:\/\/besseriptv.com\/best\/\",\"name\":\"BESSER IPTV\",\"description\":\"\",\"potentialAction\":[{\"@type\":\"SearchAction\",\"target\":{\"@type\":\"EntryPoint\",\"urlTemplate\":\"https:\/\/besseriptv.com\/best\/?s={search_term_string}\"},\"query-input\":{\"@type\":\"PropertyValueSpecification\",\"valueRequired\":true,\"valueName\":\"search_term_string\"}}],\"inLanguage\":\"de\"}]}<\/script>\n<!-- \/ Yoast SEO Premium plugin. -->","yoast_head_json":{"title":"Probe 1 Monat - BESSER IPTV","robots":{"index":"index","follow":"follow","max-snippet":"max-snippet:-1","max-image-preview":"max-image-preview:large","max-video-preview":"max-video-preview:-1"},"canonical":"https:\/\/besseriptv.com\/best\/de\/products\/probe-1-monat\/","og_locale":"de_DE","og_type":"article","og_title":"Probe 1 Monat","og_description":"*****NICHT ERSTATTUNGSF\u00c4HIG nur einmal bezahlt***********                                                            \u2713 Kompatibel mit allen IPTV-Anwendungen (Hot IPTV \u2013 Smart IPTV \u2013 Set IPTV \u2013 Net IPTV \u2013 SS IPTV \u2013 Flix IPTV \u2013 Home IPTV \u2013 IBO Player \u2013 Extreme IPTV \u2013 usw.) \u2713 Nach der Zahlung werden Sie von unseren Vertretern kontaktiert, um die Installation Ihres Abonnements zu best\u00e4tigen. \u2713 Sie erhalten sofort \u00fcber 9700 regul\u00e4re und Premium-Kan\u00e4le.j \u2713 Sie erhalten mehr als 22.000 Filme und Serien (VOD). \u2713 Sie profitieren von einem 24\/7-Kundenservice.","og_url":"https:\/\/besseriptv.com\/best\/de\/products\/probe-1-monat\/","og_site_name":"BESSER IPTV","article_modified_time":"2025-04-22T02:03:48+00:00","og_image":[{"width":2560,"height":1709,"url":"https:\/\/besseriptv.com\/wp-content\/uploads\/2021\/01\/1-MOIS-scaled.jpg","type":"image\/jpeg"}],"twitter_card":"summary_large_image","schema":{"@context":"https:\/\/schema.org","@graph":[{"@type":"WebPage","@id":"https:\/\/besseriptv.com\/best\/de\/products\/probe-1-monat\/","url":"https:\/\/besseriptv.com\/best\/de\/products\/probe-1-monat\/","name":"Probe 1 Monat - BESSER IPTV","isPartOf":{"@id":"https:\/\/besseriptv.com\/best\/#website"},"primaryImageOfPage":{"@id":"https:\/\/besseriptv.com\/best\/de\/products\/probe-1-monat\/#primaryimage"},"image":{"@id":"https:\/\/besseriptv.com\/best\/de\/products\/probe-1-monat\/#primaryimage"},"thumbnailUrl":"https:\/\/besseriptv.com\/wp-content\/uploads\/2021\/01\/1-MOIS-scaled.jpg","datePublished":"2022-04-20T16:54:50+00:00","dateModified":"2025-04-22T02:03:48+00:00","breadcrumb":{"@id":"https:\/\/besseriptv.com\/best\/de\/products\/probe-1-monat\/#breadcrumb"},"inLanguage":"de","potentialAction":[{"@type":"ReadAction","target":["https:\/\/besseriptv.com\/best\/de\/products\/probe-1-monat\/"]}]},{"@type":"ImageObject","inLanguage":"de","@id":"https:\/\/besseriptv.com\/best\/de\/products\/probe-1-monat\/#primaryimage","url":"https:\/\/besseriptv.com\/wp-content\/uploads\/2021\/01\/1-MOIS-scaled.jpg","contentUrl":"https:\/\/besseriptv.com\/wp-content\/uploads\/2021\/01\/1-MOIS-scaled.jpg","width":2560,"height":1709},{"@type":"BreadcrumbList","@id":"https:\/\/besseriptv.com\/best\/de\/products\/probe-1-monat\/#breadcrumb","itemListElement":[{"@type":"ListItem","position":1,"name":"Accueil","item":"https:\/\/besseriptv.com\/best\/"},{"@type":"ListItem","position":2,"name":"Produits","item":"https:\/\/besseriptv.com\/best\/shop\/"},{"@type":"ListItem","position":3,"name":"Probe 1 Monat"}]},{"@type":"WebSite","@id":"https:\/\/besseriptv.com\/best\/#website","url":"https:\/\/besseriptv.com\/best\/","name":"BESSER IPTV","description":"","potentialAction":[{"@type":"SearchAction","target":{"@type":"EntryPoint","urlTemplate":"https:\/\/besseriptv.com\/best\/?s={search_term_string}"},"query-input":{"@type":"PropertyValueSpecification","valueRequired":true,"valueName":"search_term_string"}}],"inLanguage":"de"}]}},"_links":{"self":[{"href":"https:\/\/besseriptv.com\/best\/de\/wp-json\/wp\/v2\/product\/2130","targetHints":{"allow":["GET"]}}],"collection":[{"href":"https:\/\/besseriptv.com\/best\/de\/wp-json\/wp\/v2\/product"}],"about":[{"href":"https:\/\/besseriptv.com\/best\/de\/wp-json\/wp\/v2\/types\/product"}],"replies":[{"embeddable":true,"href":"https:\/\/besseriptv.com\/best\/de\/wp-json\/wp\/v2\/comments?post=2130"}],"version-history":[{"count":3,"href":"https:\/\/besseriptv.com\/best\/de\/wp-json\/wp\/v2\/product\/2130\/revisions"}],"predecessor-version":[{"id":2239,"href":"https:\/\/besseriptv.com\/best\/de\/wp-json\/wp\/v2\/product\/2130\/revisions\/2239"}],"wp:featuredmedia":[{"embeddable":true,"href":"https:\/\/besseriptv.com\/best\/de\/wp-json\/wp\/v2\/media\/1730"}],"wp:attachment":[{"href":"https:\/\/besseriptv.com\/best\/de\/wp-json\/wp\/v2\/media?parent=2130"}],"wp:term":[{"taxonomy":"product_brand","embeddable":true,"href":"https:\/\/besseriptv.com\/best\/de\/wp-json\/wp\/v2\/product_brand?post=2130"},{"taxonomy":"product_cat","embeddable":true,"href":"https:\/\/besseriptv.com\/best\/de\/wp-json\/wp\/v2\/product_cat?post=2130"},{"taxonomy":"product_tag","embeddable":true,"href":"https:\/\/besseriptv.com\/best\/de\/wp-json\/wp\/v2\/product_tag?post=2130"}],"curies":[{"name":"wp","href":"https:\/\/api.w.org\/{rel}","templated":true}]}}